{"id":99095,"date":"2023-10-29T13:16:59","date_gmt":"2023-10-29T04:16:59","guid":{"rendered":"https:\/\/gamanjiru-neo.net\/?product=%e3%82%b6%e3%83%bb%e3%83%ac%e3%82%a4%e3%83%97-%e9%bb%92%e4%ba%ba%e3%81%ae%e3%81%84%e3%81%91%e3%81%ab%e3%81%88"},"modified":"2024-10-11T05:39:51","modified_gmt":"2024-10-10T20:39:51","slug":"%e3%82%b6%e3%83%bb%e3%83%ac%e3%82%a4%e3%83%97-%e9%bb%92%e4%ba%ba%e3%81%ae%e3%81%84%e3%81%91%e3%81%ab%e3%81%88","status":"publish","type":"product","link":"https:\/\/gamanjiru-neo.net\/?product=%e3%82%b6%e3%83%bb%e3%83%ac%e3%82%a4%e3%83%97-%e9%bb%92%e4%ba%ba%e3%81%ae%e3%81%84%e3%81%91%e3%81%ab%e3%81%88","title":{"rendered":"\u30b6\u30fb\u30ec\u30a4\u30d7 \u9ed2\u4eba\u306e\u3044\u3051\u306b\u3048"},"content":{"rendered":"","protected":false},"excerpt":{"rendered":"<p>\u771f\u9ed2\u30c1\u25cb\u30dd\u304c\u79c1\u306e\u30aa\u25cb\u25cb\u30b3\u306b\u5165\u308a\u304d\u3089\u305a\u306b\u51fa\u3057\u5165\u308c\u3057\u3066\u308b\u306e\u3082\u4e38\u898b\u3048\uff01\uff01\u3042\uff5e\u3001\u3053\u3093\u306a\u306b\u30aa\u25cb\u25cb\u30b3\u3092\u30ae\u30c3\u30c1\u30ea\u57cb\u3081\u3089\u308c\u6289\u3089\u308c\u308b\u306e\u521d\u3081\u3066\u3060\u304b\u3089\u6d99\u304c\u3067\u308b\u307b\u3069\u00d7\u00d7\u00d7\uff01\uff01\u672a\u6210\u719f\u306e\u5973\u25cb\u6821\u751f\u306e\u6027\u5668\u306b\u5316\u3051\u7269\u3058\u307f\u305f\u8d85\u592a\u68d2\u3092\u637b\u3058\u8fbc\u307e\u308c\u82e6\u75db\u306e\u3042\u307e\u308a\u5931\u795e\u5bf8\u524d\uff01\uff01 \u9ed2\u4eba\u7537\u512a \u5973\u5b50\u6821\u751f \u5236\u670d \u4e71\u4ea4  \u30e2\u30b6\u30a4\u30af G034215<\/p>\n","protected":false},"featured_media":99094,"template":"","meta":[],"product_cat":[15],"product_tag":[147,100,125,184],"class_list":{"0":"post-99095","1":"product","2":"type-product","3":"status-publish","4":"has-post-thumbnail","6":"product_cat-ja","7":"product_tag-147","8":"product_tag-100","9":"product_tag-125","10":"product_tag-184","12":"first","13":"instock","14":"shipping-taxable","15":"purchasable","16":"product-type-simple"},"_links":{"self":[{"href":"https:\/\/gamanjiru-neo.net\/index.php?rest_route=\/wp\/v2\/product\/99095","targetHints":{"allow":["GET"]}}],"collection":[{"href":"https:\/\/gamanjiru-neo.net\/index.php?rest_route=\/wp\/v2\/product"}],"about":[{"href":"https:\/\/gamanjiru-neo.net\/index.php?rest_route=\/wp\/v2\/types\/product"}],"wp:featuredmedia":[{"embeddable":true,"href":"https:\/\/gamanjiru-neo.net\/index.php?rest_route=\/wp\/v2\/media\/99094"}],"wp:attachment":[{"href":"https:\/\/gamanjiru-neo.net\/index.php?rest_route=%2Fwp%2Fv2%2Fmedia&parent=99095"}],"wp:term":[{"taxonomy":"product_cat","embeddable":true,"href":"https:\/\/gamanjiru-neo.net\/index.php?rest_route=%2Fwp%2Fv2%2Fproduct_cat&post=99095"},{"taxonomy":"product_tag","embeddable":true,"href":"https:\/\/gamanjiru-neo.net\/index.php?rest_route=%2Fwp%2Fv2%2Fproduct_tag&post=99095"}],"curies":[{"name":"wp","href":"https:\/\/api.w.org\/{rel}","templated":true}]}}