{"id":229799,"date":"2026-01-28T14:20:57","date_gmt":"2026-01-28T05:20:57","guid":{"rendered":"https:\/\/gamanjiru-neo.net\/?product=%e6%9c%89%e5%90%8d%e4%ba%ba%e3%81%a0%e3%81%8b%e3%82%89%e3%81%a3%e3%81%a6%e8%aa%bf%e5%ad%90%e4%b9%97%e3%81%a3%e3%81%a6%e3%82%8b%e9%ab%98%e9%a3%9b%e8%bb%8a%e5%a5%b3%e5%84%aa%e3%81%ae%e3%81%8a%e5%89%8d"},"modified":"2026-01-28T14:21:06","modified_gmt":"2026-01-28T05:21:06","slug":"%e6%9c%89%e5%90%8d%e4%ba%ba%e3%81%a0%e3%81%8b%e3%82%89%e3%81%a3%e3%81%a6%e8%aa%bf%e5%ad%90%e4%b9%97%e3%81%a3%e3%81%a6%e3%82%8b%e9%ab%98%e9%a3%9b%e8%bb%8a%e5%a5%b3%e5%84%aa%e3%81%ae%e3%81%8a%e5%89%8d","status":"publish","type":"product","link":"https:\/\/gamanjiru-neo.net\/?product=%e6%9c%89%e5%90%8d%e4%ba%ba%e3%81%a0%e3%81%8b%e3%82%89%e3%81%a3%e3%81%a6%e8%aa%bf%e5%ad%90%e4%b9%97%e3%81%a3%e3%81%a6%e3%82%8b%e9%ab%98%e9%a3%9b%e8%bb%8a%e5%a5%b3%e5%84%aa%e3%81%ae%e3%81%8a%e5%89%8d","title":{"rendered":"\u6709\u540d\u4eba\u3060\u304b\u3089\u3063\u3066\u8abf\u5b50\u4e57\u3063\u3066\u308b\u9ad8\u98db\u8eca\u5973\u512a\u306e\u304a\u524d\u306b\u30de\u30cd\u30fc\u30b8\u30e3\u30fc\u306e\u30ef\u30bf\u30b7\u306f\u3082\u3046\u9650\u754c\u2026 \u300c\u4eca\u3001\u30a2\u30ca\u30bf\u306e\u3053\u3068\u6652\u3057\u3066\u307e\u3059\u300d \u5fa9\u8b90\u306e\u751f\u914d\u4fe1\u00d7\u00d7\u00d7 \u5973\u795e\u30b8\u30e5\u30f3"},"content":{"rendered":"","protected":false},"excerpt":{"rendered":"<p>\u5b66\u25cf\u6642\u4ee3\u304b\u3089\u306e\u53cb\u9054\u306e\u30b8\u30e5\u30f3\u3068\u3053\u3065\u3048\u3001\u4eca\u306f\u5973\u512a\u30fb\u5973\u795e\u30b8\u30e5\u30f3\u306e\u30de\u30cd\u30fc\u30b8\u30e3\u30fc\u52d9\u3081\u308b\u3053\u3065\u3048\u3002\u6614\u304b\u3089\u305e\u3093\u3056\u3044\u306a\u6271\u3044\u3092\u3055\u308c\u3066\u3044\u305f\u3053\u3065\u3048\u306f\u3001\u4eca\u3067\u3082\u30b8\u30e5\u30f3\u306e\u3044\u3044\u306a\u308a\u3060\u3063\u305f\u3002\u611b\u60f3\u306e\u3044\u3044\u30b8\u30e5\u30f3\u3001\u88cf\u3067\u306f\u3053\u3065\u3048\u306b\u66b4\u8a00\u3068\u66b4\u25cf\u306e\u65e5\u3005\u3002\u3082\u3046\u3001\u6211\u6162\u306e\u9650\u754c\u2026\uff01\u3053\u3065\u3048\u306f\u300c\u771f\u5b9f\u306e\u76ee\u300d\u3068\u3044\u3046\u66b4\u9732\u914d\u4fe1\u3092\u30b9\u30bf\u30fc\u30c8\u3059\u308b\u306e\u3060\u3063\u305f\u3002\u30b8\u30e5\u30f3\u306e\u88cf\u306e\u9854\u3092\u66b4\u304d\u3001\u305d\u3057\u3066\u30b8\u30e5\u30f3\u306e\u4eba\u751f\u304c\u5d29\u58ca\u3059\u308b\u3088\u3046\u306a\u751f\u914d\u4fe1\u3092\u4ed5\u639b\u3051\u308b\u306e\u3060\u3063\u305f\u3002 \u6deb\u4e71\u30fb\u30cf\u30fc\u30c9\u7cfb \u5de8\u4e73 3P\u30fb4P \u5358\u4f53\u4f5c\u54c1 \u5973\u795e\u30b8\u30e5\u30f3 \u30e2\u30b6\u30a4\u30af G092053<\/p>\n","protected":false},"featured_media":229798,"template":"","meta":[],"product_cat":[15],"product_tag":[119,91,93,87],"class_list":{"0":"post-229799","1":"product","2":"type-product","3":"status-publish","4":"has-post-thumbnail","6":"product_cat-ja","7":"product_tag-3p4p","8":"product_tag-91","9":"product_tag-93","10":"product_tag-87","12":"first","13":"instock","14":"shipping-taxable","15":"purchasable","16":"product-type-simple"},"_links":{"self":[{"href":"https:\/\/gamanjiru-neo.net\/index.php?rest_route=\/wp\/v2\/product\/229799","targetHints":{"allow":["GET"]}}],"collection":[{"href":"https:\/\/gamanjiru-neo.net\/index.php?rest_route=\/wp\/v2\/product"}],"about":[{"href":"https:\/\/gamanjiru-neo.net\/index.php?rest_route=\/wp\/v2\/types\/product"}],"wp:featuredmedia":[{"embeddable":true,"href":"https:\/\/gamanjiru-neo.net\/index.php?rest_route=\/wp\/v2\/media\/229798"}],"wp:attachment":[{"href":"https:\/\/gamanjiru-neo.net\/index.php?rest_route=%2Fwp%2Fv2%2Fmedia&parent=229799"}],"wp:term":[{"taxonomy":"product_cat","embeddable":true,"href":"https:\/\/gamanjiru-neo.net\/index.php?rest_route=%2Fwp%2Fv2%2Fproduct_cat&post=229799"},{"taxonomy":"product_tag","embeddable":true,"href":"https:\/\/gamanjiru-neo.net\/index.php?rest_route=%2Fwp%2Fv2%2Fproduct_tag&post=229799"}],"curies":[{"name":"wp","href":"https:\/\/api.w.org\/{rel}","templated":true}]}}